{"id":12,"date":"2021-05-13T05:31:27","date_gmt":"2021-05-13T05:31:27","guid":{"rendered":"http:\/\/ecografia.com.ar\/?page_id=12"},"modified":"2025-01-07T00:18:08","modified_gmt":"2025-01-07T03:18:08","slug":"services","status":"publish","type":"page","link":"https:\/\/www.ecografia.com.ar\/?page_id=12","title":{"rendered":"Servicio de ecografia y doppler a domicilio"},"content":{"rendered":"\n<div class=\"wp-block-cover alignfull\" style=\"min-height:500px;aspect-ratio:unset;\"><span aria-hidden=\"true\" class=\"wp-block-cover__background has-ast-global-color-0-background-color has-background-dim-100 has-background-dim\"><\/span><div class=\"wp-block-cover__inner-container is-layout-flow wp-block-cover-is-layout-flow\">\n<h1 class=\"wp-block-heading has-text-align-center has-white-color has-ast-global-color-2-background-color has-text-color has-background has-medium-font-size\"><strong>Servicio de ecografia y Doppler a Domicilio en Rosario:<\/strong><\/h1>\n\n\n\n<p class=\"has-text-align-center has-ast-global-color-4-color has-text-color has-link-color wp-elements-4f766b7e81440773dbdd93fb8636d5f8\">Se realizan todas las ecografias y todos los eco Doppler (excepto estudios card\u00edacos) a domicilio<\/p>\n\n\n\n<p class=\"has-text-align-center has-ast-global-color-4-color has-text-color has-link-color wp-elements-ee171230f87573fe1746686000fded0c\">Geri\u00e1tricos<\/p>\n\n\n\n<p class=\"has-text-align-center has-ast-global-color-4-color has-text-color has-link-color wp-elements-d48f40c7aab1102b923b78689513c3d1\">Internaci\u00f3n domiciliaria<\/p>\n\n\n\n<p class=\"has-text-align-center has-ast-global-color-4-color has-text-color has-link-color wp-elements-e959d3d8e4f7687b12636679a4dccb2b\">Domicilios<\/p>\n\n\n\n<p class=\"has-text-align-center has-ast-global-color-4-color has-text-color has-link-color wp-elements-06640b5ecf03b96672e53fe5ace24e83\">Instituciones<\/p>\n<\/div><\/div>\n\n\n\n<div class=\"wp-block-group alignfull has-ast-global-color-5-background-color has-background is-layout-flow wp-block-group-is-layout-flow\">\n<div class=\"wp-block-columns alignwide is-layout-flex wp-container-core-columns-is-layout-28f84493 wp-block-columns-is-layout-flex\">\n<div class=\"wp-block-column is-layout-flow wp-block-column-is-layout-flow\">\n<h4 class=\"wp-block-heading\">Ecografias y Doppler a Domicilio<\/h4>\n\n\n\n<h4 class=\"wp-block-heading\"><\/h4>\n\n\n\n<p>341 3725888<\/p>\n<\/div>\n<\/div>\n\n\n\n<div class=\"wp-block-columns alignwide is-layout-flex wp-container-core-columns-is-layout-28f84493 wp-block-columns-is-layout-flex\">\n<div class=\"wp-block-column is-layout-flow wp-block-column-is-layout-flow\">\n<figure class=\"wp-block-image size-large\"><img fetchpriority=\"high\" decoding=\"async\" width=\"1024\" height=\"576\" src=\"http:\/\/www.ecografia.com.ar\/wp-content\/uploads\/2022\/03\/WhatsApp-Image-2022-03-02-at-22.01.42-1-1024x576.jpeg\" alt=\"ecografia a domicilio rosario\ndoppler ecodoppler\" class=\"wp-image-295\" srcset=\"https:\/\/www.ecografia.com.ar\/wp-content\/uploads\/2022\/03\/WhatsApp-Image-2022-03-02-at-22.01.42-1-1024x576.jpeg 1024w, https:\/\/www.ecografia.com.ar\/wp-content\/uploads\/2022\/03\/WhatsApp-Image-2022-03-02-at-22.01.42-1-300x169.jpeg 300w, https:\/\/www.ecografia.com.ar\/wp-content\/uploads\/2022\/03\/WhatsApp-Image-2022-03-02-at-22.01.42-1-768x432.jpeg 768w, https:\/\/www.ecografia.com.ar\/wp-content\/uploads\/2022\/03\/WhatsApp-Image-2022-03-02-at-22.01.42-1.jpeg 1280w\" sizes=\"(max-width: 1024px) 100vw, 1024px\" \/><\/figure>\n\n\n\n<h4 class=\"wp-block-heading has-small-font-size\">Dr. Novara Luciano &#8211; M\u00e9dico  &#8211; Especialista en Diagn\u00f3stico por Im\u00e1genes.<\/h4>\n<\/div>\n<\/div>\n\n\n\n<div style=\"height:40px\" aria-hidden=\"true\" class=\"wp-block-spacer\"><\/div>\n\n\n\n<div class=\"wp-block-buttons alignwide is-horizontal is-content-justification-center is-layout-flex wp-container-core-buttons-is-layout-03627597 wp-block-buttons-is-layout-flex\">\n<div class=\"wp-block-button\"><a class=\"wp-block-button__link wp-element-button\">Doppler Arterias y Venas &#8211; Ecografias <\/a><\/div>\n<\/div>\n<\/div>\n\n\n\n<div class=\"wp-block-cover alignfull\" style=\"min-height:200px;aspect-ratio:unset;\"><span aria-hidden=\"true\" class=\"wp-block-cover__background has-ast-global-color-0-background-color has-background-dim-100 has-background-dim\"><\/span><div class=\"wp-block-cover__inner-container is-layout-flow wp-block-cover-is-layout-flow\">\n<div class=\"wp-block-media-text is-stacked-on-mobile is-vertically-aligned-center\"><figure class=\"wp-block-media-text__media\"><img decoding=\"async\" width=\"1024\" height=\"577\" src=\"http:\/\/www.ecografia.com.ar\/wp-content\/uploads\/2022\/03\/cropped-Ecografia-1024x577.jpg\" alt=\"ecografia geriatricos doppler\" class=\"wp-image-349 size-full\" srcset=\"https:\/\/www.ecografia.com.ar\/wp-content\/uploads\/2022\/03\/cropped-Ecografia-1024x577.jpg 1024w, https:\/\/www.ecografia.com.ar\/wp-content\/uploads\/2022\/03\/cropped-Ecografia-300x169.jpg 300w, https:\/\/www.ecografia.com.ar\/wp-content\/uploads\/2022\/03\/cropped-Ecografia-768x433.jpg 768w, https:\/\/www.ecografia.com.ar\/wp-content\/uploads\/2022\/03\/cropped-Ecografia-1536x865.jpg 1536w, https:\/\/www.ecografia.com.ar\/wp-content\/uploads\/2022\/03\/cropped-Ecografia-140x79.jpg 140w, https:\/\/www.ecografia.com.ar\/wp-content\/uploads\/2022\/03\/cropped-Ecografia.jpg 1640w\" sizes=\"(max-width: 1024px) 100vw, 1024px\" \/><\/figure><div class=\"wp-block-media-text__content\">\n<div class=\"wp-block-group is-layout-flow wp-block-group-is-layout-flow\">\n<h2 class=\"wp-block-heading has-text-align-center has-white-color has-text-color\">Cons\u00faltenos<\/h2>\n\n\n\n<div class=\"wp-block-buttons is-horizontal is-content-justification-center is-layout-flex wp-container-core-buttons-is-layout-03627597 wp-block-buttons-is-layout-flex\">\n<div class=\"wp-block-button\"><a class=\"wp-block-button__link has-ast-global-color-0-color has-text-color has-background wp-element-button\" href=\"#\" style=\"background-color:#ffffff\">341 3725888<\/a><\/div>\n<\/div>\n<\/div>\n<\/div><\/div>\n<\/div><\/div>\n","protected":false},"excerpt":{"rendered":"<p>Ecografias y Doppler a Domicilio 341 3725888 Dr. Novara Luciano &#8211; M\u00e9dico &#8211; Especialista en Diagn\u00f3stico por Im\u00e1genes.<\/p>\n","protected":false},"author":1,"featured_media":0,"parent":0,"menu_order":0,"comment_status":"closed","ping_status":"closed","template":"","meta":{"om_disable_all_campaigns":false,"_monsterinsights_skip_tracking":false,"_monsterinsights_sitenote_active":false,"_monsterinsights_sitenote_note":"","_monsterinsights_sitenote_category":0,"site-sidebar-layout":"no-sidebar","site-content-layout":"plain-container","ast-site-content-layout":"normal-width-container","site-content-style":"unboxed","site-sidebar-style":"unboxed","ast-global-header-display":"","ast-banner-title-visibility":"","ast-main-header-display":"","ast-hfb-above-header-display":"","ast-hfb-below-header-display":"","ast-hfb-mobile-header-display":"","site-post-title":"disabled","ast-breadcrumbs-content":"","ast-featured-img":"","footer-sml-layout":"","theme-transparent-header-meta":"enabled","adv-header-id-meta":"","stick-header-meta":"","header-above-stick-meta":"","header-main-stick-meta":"","header-below-stick-meta":"","astra-migrate-meta-layouts":"set","ast-page-background-enabled":"default","ast-page-background-meta":{"desktop":{"background-color":"var(--ast-global-color-4)","background-image":"","background-repeat":"repeat","background-position":"center center","background-size":"auto","background-attachment":"scroll","background-type":"","background-media":"","overlay-type":"","overlay-color":"","overlay-opacity":"","overlay-gradient":""},"tablet":{"background-color":"","background-image":"","background-repeat":"repeat","background-position":"center center","background-size":"auto","background-attachment":"scroll","background-type":"","background-media":"","overlay-type":"","overlay-color":"","overlay-opacity":"","overlay-gradient":""},"mobile":{"background-color":"","background-image":"","background-repeat":"repeat","background-position":"center center","background-size":"auto","background-attachment":"scroll","background-type":"","background-media":"","overlay-type":"","overlay-color":"","overlay-opacity":"","overlay-gradient":""}},"ast-content-background-meta":{"desktop":{"background-color":"var(--ast-global-color-5)","background-image":"","background-repeat":"repeat","background-position":"center center","background-size":"auto","background-attachment":"scroll","background-type":"","background-media":"","overlay-type":"","overlay-color":"","overlay-opacity":"","overlay-gradient":""},"tablet":{"background-color":"var(--ast-global-color-5)","background-image":"","background-repeat":"repeat","background-position":"center center","background-size":"auto","background-attachment":"scroll","background-type":"","background-media":"","overlay-type":"","overlay-color":"","overlay-opacity":"","overlay-gradient":""},"mobile":{"background-color":"var(--ast-global-color-5)","background-image":"","background-repeat":"repeat","background-position":"center center","background-size":"auto","background-attachment":"scroll","background-type":"","background-media":"","overlay-type":"","overlay-color":"","overlay-opacity":"","overlay-gradient":""}},"footnotes":""},"class_list":["post-12","page","type-page","status-publish","hentry"],"_links":{"self":[{"href":"https:\/\/www.ecografia.com.ar\/index.php?rest_route=\/wp\/v2\/pages\/12","targetHints":{"allow":["GET"]}}],"collection":[{"href":"https:\/\/www.ecografia.com.ar\/index.php?rest_route=\/wp\/v2\/pages"}],"about":[{"href":"https:\/\/www.ecografia.com.ar\/index.php?rest_route=\/wp\/v2\/types\/page"}],"author":[{"embeddable":true,"href":"https:\/\/www.ecografia.com.ar\/index.php?rest_route=\/wp\/v2\/users\/1"}],"replies":[{"embeddable":true,"href":"https:\/\/www.ecografia.com.ar\/index.php?rest_route=%2Fwp%2Fv2%2Fcomments&post=12"}],"version-history":[{"count":7,"href":"https:\/\/www.ecografia.com.ar\/index.php?rest_route=\/wp\/v2\/pages\/12\/revisions"}],"predecessor-version":[{"id":512,"href":"https:\/\/www.ecografia.com.ar\/index.php?rest_route=\/wp\/v2\/pages\/12\/revisions\/512"}],"wp:attachment":[{"href":"https:\/\/www.ecografia.com.ar\/index.php?rest_route=%2Fwp%2Fv2%2Fmedia&parent=12"}],"curies":[{"name":"wp","href":"https:\/\/api.w.org\/{rel}","templated":true}]}}