{"id":11,"date":"2021-05-13T05:31:27","date_gmt":"2021-05-13T05:31:27","guid":{"rendered":"http:\/\/ecografia.com.ar\/?page_id=11"},"modified":"2025-01-06T23:34:55","modified_gmt":"2025-01-07T02:34:55","slug":"about","status":"publish","type":"page","link":"https:\/\/www.ecografia.com.ar\/?page_id=11","title":{"rendered":"Sobre m\u00ed"},"content":{"rendered":"\n<div class=\"wp-block-cover alignfull\" style=\"min-height:500px;aspect-ratio:unset;\"><span aria-hidden=\"true\" class=\"wp-block-cover__background has-background-dim-100 has-background-dim\" style=\"background-color:#4285f4\"><\/span><div class=\"wp-block-cover__inner-container is-layout-flow wp-block-cover-is-layout-flow\">\n<p><\/p>\n\n\n\n<h1 class=\"wp-block-heading has-white-color has-text-color\" id=\"sobre-mi\">Sobre mi persona&#8230;<\/h1>\n\n\n\n<p class=\"has-ast-global-color-4-color has-text-color has-link-color wp-elements-6ef872284877f892bb9faefc2db50e35\">Mi objetivo es resolver problemas diagn\u00f3sticos en domicilio o all\u00ed donde el paciente lo necesite:  geri\u00e1tricos, intermaci\u00f3n domicilaria, empresas, instituciones de salud.<\/p>\n\n\n\n<p class=\"has-ast-global-color-4-color has-text-color has-link-color wp-elements-0b3114662b46906bcc8beddc6571a413\">Realizo estudios de ecografia y ecodoppler en domicilios e instituciones: un trabajo que realizo con gran responsabilidad y satisfacci\u00f3n.<\/p>\n\n\n\n<p class=\"has-ast-global-color-4-color has-text-color has-link-color wp-elements-948ed3d2e7b3700254e3282ad626c233\">No me limito simplemente a ejecutar tecnicamente un estudio, sino a realizar un evaluacion m\u00e9dica especializada utilizando ec\u00f3grafos portatiles de \u00faltima generaci\u00f3n.<\/p>\n\n\n\n<p class=\"has-pale-cyan-blue-color has-text-color has-link-color wp-elements-5645f301b98aece9ac6dee5bb4cf091f\">Dr. Luciano Novara<\/p>\n\n\n\n<p class=\"has-pale-cyan-blue-color has-text-color has-link-color wp-elements-2312747df5eaeec1f9623a65f8bd1fc4\">M\u00e9dico Especialista en Diagn\u00f3stico por Im\u00e1genes<\/p>\n\n\n\n<p class=\"has-pale-cyan-blue-color has-text-color has-link-color wp-elements-7c0bc9479c0b7b7e2ff14335c29ef5fb\">Matr\u00edcula: 19091<\/p>\n\n\n\n<p class=\"has-pale-cyan-blue-color has-text-color has-link-color wp-elements-eb601ef309e80ca7fa54c463b6e74ed5\">Registro de Especialidad: 15\/0263<\/p>\n\n\n\n<p class=\"has-pale-cyan-blue-color has-text-color has-link-color wp-elements-5f53208995710e48fc9c1bfc2eefcc9c\"><strong>341 3725888<\/strong><\/p>\n<\/div><\/div>\n\n\n\n<div class=\"wp-block-group alignfull has-ast-global-color-5-background-color has-background is-layout-flow wp-block-group-is-layout-flow\">\n<figure class=\"wp-block-image is-resized has-custom-border\" style=\"margin-top:0;margin-right:0;margin-bottom:0;margin-left:0\"><img fetchpriority=\"high\" decoding=\"async\" width=\"720\" height=\"1280\" src=\"https:\/\/ecografia.com.ar\/wp-content\/uploads\/2022\/03\/WhatsApp-Image-2022-03-02-at-22.04.18-2.jpeg\" alt=\"\" class=\"wp-image-336\" style=\"border-width:24px;border-radius:27px;box-shadow:var(--wp--preset--shadow--natural);width:966px;height:auto\" srcset=\"https:\/\/www.ecografia.com.ar\/wp-content\/uploads\/2022\/03\/WhatsApp-Image-2022-03-02-at-22.04.18-2.jpeg 720w, https:\/\/www.ecografia.com.ar\/wp-content\/uploads\/2022\/03\/WhatsApp-Image-2022-03-02-at-22.04.18-2-169x300.jpeg 169w, https:\/\/www.ecografia.com.ar\/wp-content\/uploads\/2022\/03\/WhatsApp-Image-2022-03-02-at-22.04.18-2-576x1024.jpeg 576w\" sizes=\"(max-width: 720px) 100vw, 720px\" \/><\/figure>\n<\/div>\n\n\n\n<div class=\"wp-block-group alignfull has-ast-global-color-5-background-color has-background is-layout-flow wp-block-group-is-layout-flow\">\n<figure class=\"wp-block-image size-full is-resized has-custom-border\"><img decoding=\"async\" width=\"611\" height=\"513\" src=\"http:\/\/www.ecografia.com.ar\/wp-content\/uploads\/2022\/03\/cropped-lucho.jpg\" alt=\"ecografias a domicilio rosario dr. novara\" class=\"wp-image-347\" style=\"border-width:9px;box-shadow:var(--wp--preset--shadow--natural);width:337px;height:283px\" srcset=\"https:\/\/www.ecografia.com.ar\/wp-content\/uploads\/2022\/03\/cropped-lucho.jpg 611w, https:\/\/www.ecografia.com.ar\/wp-content\/uploads\/2022\/03\/cropped-lucho-300x252.jpg 300w, https:\/\/www.ecografia.com.ar\/wp-content\/uploads\/2022\/03\/cropped-lucho-140x118.jpg 140w\" sizes=\"(max-width: 611px) 100vw, 611px\" \/><figcaption class=\"wp-element-caption\">Dr. Novara Luciano<\/figcaption><\/figure>\n<\/div>\n\n\n\n<p><\/p>\n","protected":false},"excerpt":{"rendered":"","protected":false},"author":1,"featured_media":0,"parent":0,"menu_order":0,"comment_status":"closed","ping_status":"closed","template":"","meta":{"om_disable_all_campaigns":false,"_monsterinsights_skip_tracking":false,"_monsterinsights_sitenote_active":false,"_monsterinsights_sitenote_note":"","_monsterinsights_sitenote_category":0,"site-sidebar-layout":"no-sidebar","site-content-layout":"plain-container","ast-site-content-layout":"normal-width-container","site-content-style":"unboxed","site-sidebar-style":"unboxed","ast-global-header-display":"","ast-banner-title-visibility":"","ast-main-header-display":"","ast-hfb-above-header-display":"","ast-hfb-below-header-display":"","ast-hfb-mobile-header-display":"","site-post-title":"disabled","ast-breadcrumbs-content":"","ast-featured-img":"","footer-sml-layout":"","theme-transparent-header-meta":"enabled","adv-header-id-meta":"","stick-header-meta":"","header-above-stick-meta":"","header-main-stick-meta":"","header-below-stick-meta":"","astra-migrate-meta-layouts":"set","ast-page-background-enabled":"default","ast-page-background-meta":{"desktop":{"background-color":"var(--ast-global-color-4)","background-image":"","background-repeat":"repeat","background-position":"center center","background-size":"auto","background-attachment":"scroll","background-type":"","background-media":"","overlay-type":"","overlay-color":"","overlay-opacity":"","overlay-gradient":""},"tablet":{"background-color":"","background-image":"","background-repeat":"repeat","background-position":"center center","background-size":"auto","background-attachment":"scroll","background-type":"","background-media":"","overlay-type":"","overlay-color":"","overlay-opacity":"","overlay-gradient":""},"mobile":{"background-color":"","background-image":"","background-repeat":"repeat","background-position":"center center","background-size":"auto","background-attachment":"scroll","background-type":"","background-media":"","overlay-type":"","overlay-color":"","overlay-opacity":"","overlay-gradient":""}},"ast-content-background-meta":{"desktop":{"background-color":"var(--ast-global-color-5)","background-image":"","background-repeat":"repeat","background-position":"center center","background-size":"auto","background-attachment":"scroll","background-type":"","background-media":"","overlay-type":"","overlay-color":"","overlay-opacity":"","overlay-gradient":""},"tablet":{"background-color":"var(--ast-global-color-5)","background-image":"","background-repeat":"repeat","background-position":"center center","background-size":"auto","background-attachment":"scroll","background-type":"","background-media":"","overlay-type":"","overlay-color":"","overlay-opacity":"","overlay-gradient":""},"mobile":{"background-color":"var(--ast-global-color-5)","background-image":"","background-repeat":"repeat","background-position":"center center","background-size":"auto","background-attachment":"scroll","background-type":"","background-media":"","overlay-type":"","overlay-color":"","overlay-opacity":"","overlay-gradient":""}},"footnotes":""},"class_list":["post-11","page","type-page","status-publish","hentry"],"_links":{"self":[{"href":"https:\/\/www.ecografia.com.ar\/index.php?rest_route=\/wp\/v2\/pages\/11","targetHints":{"allow":["GET"]}}],"collection":[{"href":"https:\/\/www.ecografia.com.ar\/index.php?rest_route=\/wp\/v2\/pages"}],"about":[{"href":"https:\/\/www.ecografia.com.ar\/index.php?rest_route=\/wp\/v2\/types\/page"}],"author":[{"embeddable":true,"href":"https:\/\/www.ecografia.com.ar\/index.php?rest_route=\/wp\/v2\/users\/1"}],"replies":[{"embeddable":true,"href":"https:\/\/www.ecografia.com.ar\/index.php?rest_route=%2Fwp%2Fv2%2Fcomments&post=11"}],"version-history":[{"count":22,"href":"https:\/\/www.ecografia.com.ar\/index.php?rest_route=\/wp\/v2\/pages\/11\/revisions"}],"predecessor-version":[{"id":466,"href":"https:\/\/www.ecografia.com.ar\/index.php?rest_route=\/wp\/v2\/pages\/11\/revisions\/466"}],"wp:attachment":[{"href":"https:\/\/www.ecografia.com.ar\/index.php?rest_route=%2Fwp%2Fv2%2Fmedia&parent=11"}],"curies":[{"name":"wp","href":"https:\/\/api.w.org\/{rel}","templated":true}]}}