{"id":10,"date":"2021-05-13T05:31:27","date_gmt":"2021-05-13T05:31:27","guid":{"rendered":"http:\/\/ecografia.com.ar\/?page_id=10"},"modified":"2025-01-07T00:28:07","modified_gmt":"2025-01-07T03:28:07","slug":"ecografia-y-ecodoppler-a-domicilio-rosario","status":"publish","type":"page","link":"https:\/\/www.ecografia.com.ar\/","title":{"rendered":"Ecografia a Domicilio Rosario &#8211; Ecodoppler"},"content":{"rendered":"\n<div class=\"wp-block-cover alignfull\" style=\"box-shadow:var(--wp--preset--shadow--natural);min-height:733px;aspect-ratio:unset;\"><span aria-hidden=\"true\" class=\"wp-block-cover__background has-background-dim-100 has-background-dim\" style=\"background-color:#4285f4\"><\/span><div class=\"wp-block-cover__inner-container is-layout-constrained wp-block-cover-is-layout-constrained\">\n<div class=\"wp-block-media-text has-media-on-the-right is-stacked-on-mobile\" style=\"padding-top:0;padding-right:0;padding-bottom:0;padding-left:0;grid-template-columns:auto 43%\"><div class=\"wp-block-media-text__content\">\n<h1 class=\"wp-block-heading has-white-color has-text-color\" id=\"ecografia-a-domicilio-plumbing-services-in-san-francisco\" style=\"font-size:26px;font-style:normal;font-weight:900\">Ecografias y Eco Doppler a DOMICILIO<\/h1>\n\n\n\n<h1 class=\"wp-block-heading has-text-color\" id=\"ecografia-a-domicilio-plumbing-services-in-san-francisco\" style=\"color:#ffffff;font-size:26px;font-style:normal;font-weight:900\"><strong>Rosario<\/strong><\/h1>\n\n\n\n<h1 class=\"wp-block-heading has-text-color has-medium-font-size\" id=\"ecografia-a-domicilio-plumbing-services-in-san-francisco\" style=\"color:#ffffff\"><strong>Contacto: 341 3725888<\/strong><\/h1>\n\n\n\n<h2 class=\"wp-block-heading has-text-color has-medium-font-size\" id=\"dr-novara-luciano\" style=\"color:#ffffff\"><strong>Dr. Novara Luciano<\/strong><\/h2>\n\n\n\n<p class=\"has-text-color has-small-font-size\" style=\"color:#ffffff\"><strong>M\u00e9dico Especialista en Diagn\u00f3stico por Im\u00e1genes<\/strong><\/p>\n\n\n\n<p class=\"has-text-color has-small-font-size\" style=\"color:#ffffff\"><strong>Matr\u00edcula 19091 &#8211; Registro de Especialidad: 15\/0263<\/strong><\/p>\n\n\n\n<div class=\"wp-block-buttons is-content-justification-center is-layout-flex wp-container-core-buttons-is-layout-a89b3969 wp-block-buttons-is-layout-flex\"><\/div>\n<\/div><figure class=\"wp-block-media-text__media\"><img fetchpriority=\"high\" decoding=\"async\" width=\"667\" height=\"500\" src=\"http:\/\/www.ecografia.com.ar\/wp-content\/uploads\/2022\/02\/Sonography-edited-1.jpg\" alt=\"\" class=\"wp-image-262 size-large\" srcset=\"https:\/\/www.ecografia.com.ar\/wp-content\/uploads\/2022\/02\/Sonography-edited-1.jpg 667w, https:\/\/www.ecografia.com.ar\/wp-content\/uploads\/2022\/02\/Sonography-edited-1-300x225.jpg 300w\" sizes=\"(max-width: 667px) 100vw, 667px\" \/><\/figure><\/div>\n<\/div><\/div>\n\n\n\n<div class=\"wp-block-group alignfull has-ast-global-color-5-background-color has-background is-layout-flow wp-block-group-is-layout-flow\">\n<div style=\"height:15px\" aria-hidden=\"true\" class=\"wp-block-spacer\"><\/div>\n\n\n\n<h2 class=\"wp-block-heading has-text-align-left\" id=\"how-can-we-help-you\">Como puedo ayudarle?<\/h2>\n\n\n\n<div class=\"wp-block-columns alignwide is-layout-flex wp-container-core-columns-is-layout-28f84493 wp-block-columns-is-layout-flex\">\n<div class=\"wp-block-column is-layout-flow wp-block-column-is-layout-flow\">\n<h4 class=\"wp-block-heading\" id=\"drain-cleaning-repairs\">Ecografias a Domicilio<\/h4>\n\n\n\n<p style=\"font-size:15px\">Se realizan todas las ecografias a domicilio. Ecografias: abdominal, ginecologica, mamaria, partes blandas, cuello, tiroides, muscular y articular, testicular, vejiga y pr\u00f3stata (son solo algunos ejemplos, consultar).<\/p>\n<\/div>\n\n\n\n<div class=\"wp-block-column is-layout-flow wp-block-column-is-layout-flow\">\n<h4 class=\"wp-block-heading\" id=\"gas-line-services\">Eco Doppler a Domicilio<\/h4>\n\n\n\n<p>Se realizan todos los ecodoppler a domicilio (excepto card\u00edaco). Ecodoppler: de venas y arterias de miembros (trombosis, obstruccion), de vasos de cuello (car\u00f3tidas), esplenoportal (higado), tiroides, renal, testicular, (son solo algunos ejemplos, consultar).<\/p>\n<\/div>\n\n\n\n<div class=\"wp-block-column is-layout-flow wp-block-column-is-layout-flow\">\n<h4 class=\"wp-block-heading\" id=\"commercial-plumbing\">Informes en el Dia<\/h4>\n\n\n\n<p>Atenci\u00f3n personal. Informes en el dia enviados v\u00eda celular o email. <\/p>\n\n\n\n<p>Ciudad de Rosario &#8211; Pcia. de Santa Fe.<\/p>\n<\/div>\n<\/div>\n<\/div>\n\n\n\n<div class=\"wp-block-group alignfull has-ast-global-color-5-background-color has-background is-layout-flow wp-block-group-is-layout-flow\" style=\"box-shadow:var(--wp--preset--shadow--natural)\">\n<h2 class=\"wp-block-heading alignwide has-text-align-center has-white-color has-text-color has-background has-link-color has-medium-font-size wp-elements-1a5c9f214c0766cef32ac709634cc491\" id=\"what-our-customers-say-about-us\" style=\"border-style:none;border-width:0px;border-radius:5px;background-color:#4285f4;font-style:normal;font-weight:200\">Los informes se entregan en el d\u00eda con todas las im\u00e1genes<\/h2>\n<\/div>\n\n\n\n<div class=\"wp-block-group alignfull has-ast-global-color-5-background-color has-background is-layout-constrained wp-block-group-is-layout-constrained\">\n<figure class=\"wp-block-gallery has-nested-images columns-4 is-cropped wp-block-gallery-1 is-layout-flex wp-block-gallery-is-layout-flex\">\n<figure class=\"wp-block-image size-full is-style-rounded\"><img decoding=\"async\" width=\"640\" height=\"640\" data-id=\"292\" src=\"http:\/\/ecografia.com.ar\/wp-content\/uploads\/2022\/03\/lucho.jpg\" alt=\"\" class=\"wp-image-292\" style=\"box-shadow:var(--wp--preset--shadow--natural)\" srcset=\"https:\/\/www.ecografia.com.ar\/wp-content\/uploads\/2022\/03\/lucho.jpg 640w, https:\/\/www.ecografia.com.ar\/wp-content\/uploads\/2022\/03\/lucho-300x300.jpg 300w, https:\/\/www.ecografia.com.ar\/wp-content\/uploads\/2022\/03\/lucho-150x150.jpg 150w\" sizes=\"(max-width: 640px) 100vw, 640px\" \/><figcaption class=\"wp-element-caption\">Dr. Novara Luciano<\/figcaption><\/figure>\n\n\n\n<figure class=\"wp-block-image size-large has-custom-border is-style-default\" style=\"margin-top:var(--wp--preset--spacing--60);margin-right:0;margin-bottom:var(--wp--preset--spacing--60);margin-left:0\"><img decoding=\"async\" width=\"1024\" height=\"1024\" data-id=\"439\" src=\"https:\/\/www.ecografia.com.ar\/wp-content\/uploads\/2025\/01\/Catalogo-vasos-de-cuello-numero-1-1-1024x1024.jpg\" alt=\"\" class=\"wp-image-439\" style=\"border-width:5px;box-shadow:var(--wp--preset--shadow--natural)\" srcset=\"https:\/\/www.ecografia.com.ar\/wp-content\/uploads\/2025\/01\/Catalogo-vasos-de-cuello-numero-1-1-1024x1024.jpg 1024w, https:\/\/www.ecografia.com.ar\/wp-content\/uploads\/2025\/01\/Catalogo-vasos-de-cuello-numero-1-1-300x300.jpg 300w, https:\/\/www.ecografia.com.ar\/wp-content\/uploads\/2025\/01\/Catalogo-vasos-de-cuello-numero-1-1-150x150.jpg 150w, https:\/\/www.ecografia.com.ar\/wp-content\/uploads\/2025\/01\/Catalogo-vasos-de-cuello-numero-1-1-768x768.jpg 768w, https:\/\/www.ecografia.com.ar\/wp-content\/uploads\/2025\/01\/Catalogo-vasos-de-cuello-numero-1-1.jpg 1080w\" sizes=\"(max-width: 1024px) 100vw, 1024px\" \/><\/figure>\n\n\n\n<figure class=\"wp-block-image size-large has-custom-border is-style-default\" style=\"margin-top:var(--wp--preset--spacing--60);margin-bottom:var(--wp--preset--spacing--60)\"><img loading=\"lazy\" decoding=\"async\" width=\"1024\" height=\"1024\" data-id=\"440\" src=\"https:\/\/www.ecografia.com.ar\/wp-content\/uploads\/2025\/01\/Catalogo-vasos-de-cuello-numero-2-3-1024x1024.jpg\" alt=\"\" class=\"wp-image-440\" style=\"border-width:5px;box-shadow:var(--wp--preset--shadow--natural)\" srcset=\"https:\/\/www.ecografia.com.ar\/wp-content\/uploads\/2025\/01\/Catalogo-vasos-de-cuello-numero-2-3-1024x1024.jpg 1024w, https:\/\/www.ecografia.com.ar\/wp-content\/uploads\/2025\/01\/Catalogo-vasos-de-cuello-numero-2-3-300x300.jpg 300w, https:\/\/www.ecografia.com.ar\/wp-content\/uploads\/2025\/01\/Catalogo-vasos-de-cuello-numero-2-3-150x150.jpg 150w, https:\/\/www.ecografia.com.ar\/wp-content\/uploads\/2025\/01\/Catalogo-vasos-de-cuello-numero-2-3-768x768.jpg 768w, https:\/\/www.ecografia.com.ar\/wp-content\/uploads\/2025\/01\/Catalogo-vasos-de-cuello-numero-2-3.jpg 1080w\" sizes=\"(max-width: 1024px) 100vw, 1024px\" \/><\/figure>\n\n\n\n<figure class=\"wp-block-image size-large has-custom-border is-style-default\" style=\"margin-top:var(--wp--preset--spacing--60);margin-bottom:var(--wp--preset--spacing--60)\"><img loading=\"lazy\" decoding=\"async\" width=\"1024\" height=\"1024\" data-id=\"455\" src=\"https:\/\/www.ecografia.com.ar\/wp-content\/uploads\/2025\/01\/Catalogo-abdomen-vesicula-1-1024x1024.jpg\" alt=\"\" class=\"wp-image-455\" style=\"border-width:5px;box-shadow:var(--wp--preset--shadow--natural)\" srcset=\"https:\/\/www.ecografia.com.ar\/wp-content\/uploads\/2025\/01\/Catalogo-abdomen-vesicula-1-1024x1024.jpg 1024w, https:\/\/www.ecografia.com.ar\/wp-content\/uploads\/2025\/01\/Catalogo-abdomen-vesicula-1-300x300.jpg 300w, https:\/\/www.ecografia.com.ar\/wp-content\/uploads\/2025\/01\/Catalogo-abdomen-vesicula-1-150x150.jpg 150w, https:\/\/www.ecografia.com.ar\/wp-content\/uploads\/2025\/01\/Catalogo-abdomen-vesicula-1-768x768.jpg 768w, https:\/\/www.ecografia.com.ar\/wp-content\/uploads\/2025\/01\/Catalogo-abdomen-vesicula-1.jpg 1080w\" sizes=\"(max-width: 1024px) 100vw, 1024px\" \/><\/figure>\n\n\n\n<figure class=\"wp-block-image size-large has-custom-border\" style=\"margin-top:var(--wp--preset--spacing--60);margin-bottom:var(--wp--preset--spacing--60)\"><img loading=\"lazy\" decoding=\"async\" width=\"1024\" height=\"1024\" data-id=\"453\" src=\"https:\/\/www.ecografia.com.ar\/wp-content\/uploads\/2025\/01\/Catalogo-vasos-de-cuello-numero-1-3-1024x1024.jpg\" alt=\"\" class=\"wp-image-453\" style=\"border-width:5px;border-radius:0px;box-shadow:var(--wp--preset--shadow--natural)\" srcset=\"https:\/\/www.ecografia.com.ar\/wp-content\/uploads\/2025\/01\/Catalogo-vasos-de-cuello-numero-1-3-1024x1024.jpg 1024w, https:\/\/www.ecografia.com.ar\/wp-content\/uploads\/2025\/01\/Catalogo-vasos-de-cuello-numero-1-3-300x300.jpg 300w, https:\/\/www.ecografia.com.ar\/wp-content\/uploads\/2025\/01\/Catalogo-vasos-de-cuello-numero-1-3-150x150.jpg 150w, https:\/\/www.ecografia.com.ar\/wp-content\/uploads\/2025\/01\/Catalogo-vasos-de-cuello-numero-1-3-768x768.jpg 768w, https:\/\/www.ecografia.com.ar\/wp-content\/uploads\/2025\/01\/Catalogo-vasos-de-cuello-numero-1-3.jpg 1080w\" sizes=\"(max-width: 1024px) 100vw, 1024px\" \/><\/figure>\n<\/figure>\n<\/div>\n\n\n\n<div class=\"wp-block-cover alignfull\" style=\"box-shadow:var(--wp--preset--shadow--natural);min-height:355px;aspect-ratio:unset;\"><span aria-hidden=\"true\" class=\"wp-block-cover__background has-background-dim-100 has-background-dim\" style=\"background-color:#4285f4\"><\/span><div class=\"wp-block-cover__inner-container is-layout-flow wp-block-cover-is-layout-flow\">\n<div class=\"wp-block-media-text alignfull is-stacked-on-mobile\" style=\"grid-template-columns:38% auto\"><figure class=\"wp-block-media-text__media\"><img loading=\"lazy\" decoding=\"async\" width=\"1024\" height=\"683\" src=\"http:\/\/www.ecografia.com.ar\/wp-content\/uploads\/2025\/01\/AdobeStock_37275482-1024x683.jpeg\" alt=\"\" class=\"wp-image-467 size-full\" srcset=\"https:\/\/www.ecografia.com.ar\/wp-content\/uploads\/2025\/01\/AdobeStock_37275482-1024x683.jpeg 1024w, https:\/\/www.ecografia.com.ar\/wp-content\/uploads\/2025\/01\/AdobeStock_37275482-300x200.jpeg 300w, https:\/\/www.ecografia.com.ar\/wp-content\/uploads\/2025\/01\/AdobeStock_37275482-768x512.jpeg 768w, https:\/\/www.ecografia.com.ar\/wp-content\/uploads\/2025\/01\/AdobeStock_37275482-1536x1024.jpeg 1536w, https:\/\/www.ecografia.com.ar\/wp-content\/uploads\/2025\/01\/AdobeStock_37275482-2048x1365.jpeg 2048w\" sizes=\"(max-width: 1024px) 100vw, 1024px\" \/><\/figure><div class=\"wp-block-media-text__content\">\n<div class=\"wp-block-group is-layout-flow wp-block-group-is-layout-flow\">\n<h4 class=\"wp-block-heading has-text-align-center has-ast-global-color-4-color has-text-color\" id=\"we-re-here-to-help-call-us-today\" style=\"font-size:15px;font-style:normal;font-weight:100;letter-spacing:3px;text-transform:lowercase\">domicilios particulares<\/h4>\n\n\n\n<h4 class=\"wp-block-heading has-text-align-center has-ast-global-color-4-color has-text-color\" id=\"we-re-here-to-help-call-us-today\" style=\"font-size:15px;font-style:normal;font-weight:100;letter-spacing:3px;text-transform:lowercase\">geri\u00e1tricos<\/h4>\n\n\n\n<h4 class=\"wp-block-heading has-text-align-center has-ast-global-color-4-color has-text-color\" id=\"we-re-here-to-help-call-us-today\" style=\"font-size:15px;font-style:normal;font-weight:100;letter-spacing:3px;text-transform:lowercase\">CL\u00cdNICAS DE REHABILITACI\u00d3N<\/h4>\n\n\n\n<h4 class=\"wp-block-heading has-text-align-center has-ast-global-color-4-color has-text-color\" id=\"we-re-here-to-help-call-us-today\" style=\"font-size:15px;font-style:normal;font-weight:100;letter-spacing:3px;text-transform:lowercase\">otras instituciones&#8230;<\/h4>\n\n\n\n<h4 class=\"wp-block-heading has-text-align-center has-ast-global-color-4-color has-text-color\" id=\"we-re-here-to-help-call-us-today\" style=\"font-size:15px;font-style:normal;font-weight:100;letter-spacing:3px;text-transform:lowercase\"> all\u00ed, donde el paciente lo necesite.<\/h4>\n\n\n\n<div class=\"wp-block-buttons is-horizontal is-content-justification-center is-layout-flex wp-container-core-buttons-is-layout-03627597 wp-block-buttons-is-layout-flex\">\n<div class=\"wp-block-button has-custom-width wp-block-button__width-75 has-custom-font-size is-style-fill\" style=\"font-size:20px\"><a class=\"wp-block-button__link has-ast-global-color-0-color has-ast-global-color-4-background-color has-text-color has-background wp-element-button\" href=\"#\"><strong>341 3725888<\/strong><\/a><\/div>\n<\/div>\n<\/div>\n<\/div><\/div>\n<\/div><\/div>\n\n\n\n<p><\/p>\n","protected":false},"excerpt":{"rendered":"<p>Como puedo ayudarle? Ecografias a Domicilio Se realizan todas las ecografias a domicilio. Ecografias: abdominal, ginecologica, mamaria, partes blandas, cuello, tiroides, muscular y articular, testicular, vejiga y pr\u00f3stata (son solo algunos ejemplos, consultar). Eco Doppler a Domicilio Se realizan todos los ecodoppler a domicilio (excepto card\u00edaco). Ecodoppler: de venas y arterias de miembros (trombosis, obstruccion), [&hellip;]<\/p>\n","protected":false},"author":1,"featured_media":0,"parent":0,"menu_order":0,"comment_status":"closed","ping_status":"closed","template":"","meta":{"om_disable_all_campaigns":false,"_monsterinsights_skip_tracking":false,"_monsterinsights_sitenote_active":false,"_monsterinsights_sitenote_note":"","_monsterinsights_sitenote_category":0,"site-sidebar-layout":"no-sidebar","site-content-layout":"plain-container","ast-site-content-layout":"normal-width-container","site-content-style":"unboxed","site-sidebar-style":"unboxed","ast-global-header-display":"","ast-banner-title-visibility":"","ast-main-header-display":"","ast-hfb-above-header-display":"","ast-hfb-below-header-display":"","ast-hfb-mobile-header-display":"","site-post-title":"disabled","ast-breadcrumbs-content":"","ast-featured-img":"","footer-sml-layout":"","theme-transparent-header-meta":"enabled","adv-header-id-meta":"","stick-header-meta":"","header-above-stick-meta":"","header-main-stick-meta":"","header-below-stick-meta":"","astra-migrate-meta-layouts":"set","ast-page-background-enabled":"default","ast-page-background-meta":{"desktop":{"background-color":"var(--ast-global-color-4)","background-image":"","background-repeat":"repeat","background-position":"center center","background-size":"auto","background-attachment":"scroll","background-type":"","background-media":"","overlay-type":"","overlay-color":"","overlay-opacity":"","overlay-gradient":""},"tablet":{"background-color":"","background-image":"","background-repeat":"repeat","background-position":"center center","background-size":"auto","background-attachment":"scroll","background-type":"","background-media":"","overlay-type":"","overlay-color":"","overlay-opacity":"","overlay-gradient":""},"mobile":{"background-color":"","background-image":"","background-repeat":"repeat","background-position":"center center","background-size":"auto","background-attachment":"scroll","background-type":"","background-media":"","overlay-type":"","overlay-color":"","overlay-opacity":"","overlay-gradient":""}},"ast-content-background-meta":{"desktop":{"background-color":"var(--ast-global-color-5)","background-image":"","background-repeat":"repeat","background-position":"center center","background-size":"auto","background-attachment":"scroll","background-type":"","background-media":"","overlay-type":"","overlay-color":"","overlay-opacity":"","overlay-gradient":""},"tablet":{"background-color":"var(--ast-global-color-5)","background-image":"","background-repeat":"repeat","background-position":"center center","background-size":"auto","background-attachment":"scroll","background-type":"","background-media":"","overlay-type":"","overlay-color":"","overlay-opacity":"","overlay-gradient":""},"mobile":{"background-color":"var(--ast-global-color-5)","background-image":"","background-repeat":"repeat","background-position":"center center","background-size":"auto","background-attachment":"scroll","background-type":"","background-media":"","overlay-type":"","overlay-color":"","overlay-opacity":"","overlay-gradient":""}},"footnotes":""},"class_list":["post-10","page","type-page","status-publish","hentry"],"_links":{"self":[{"href":"https:\/\/www.ecografia.com.ar\/index.php?rest_route=\/wp\/v2\/pages\/10","targetHints":{"allow":["GET"]}}],"collection":[{"href":"https:\/\/www.ecografia.com.ar\/index.php?rest_route=\/wp\/v2\/pages"}],"about":[{"href":"https:\/\/www.ecografia.com.ar\/index.php?rest_route=\/wp\/v2\/types\/page"}],"author":[{"embeddable":true,"href":"https:\/\/www.ecografia.com.ar\/index.php?rest_route=\/wp\/v2\/users\/1"}],"replies":[{"embeddable":true,"href":"https:\/\/www.ecografia.com.ar\/index.php?rest_route=%2Fwp%2Fv2%2Fcomments&post=10"}],"version-history":[{"count":80,"href":"https:\/\/www.ecografia.com.ar\/index.php?rest_route=\/wp\/v2\/pages\/10\/revisions"}],"predecessor-version":[{"id":522,"href":"https:\/\/www.ecografia.com.ar\/index.php?rest_route=\/wp\/v2\/pages\/10\/revisions\/522"}],"wp:attachment":[{"href":"https:\/\/www.ecografia.com.ar\/index.php?rest_route=%2Fwp%2Fv2%2Fmedia&parent=10"}],"curies":[{"name":"wp","href":"https:\/\/api.w.org\/{rel}","templated":true}]}}